{"id":1179,"date":"2026-04-09T16:57:58","date_gmt":"2026-04-09T20:57:58","guid":{"rendered":"https:\/\/y1950cheminmontrealroad.kinsta.cloud\/contact\/"},"modified":"2026-04-10T21:46:10","modified_gmt":"2026-04-11T01:46:10","slug":"contact","status":"publish","type":"page","link":"https:\/\/1950cornwall.ca\/fr\/contact\/","title":{"rendered":"Contact"},"content":{"rendered":"\t\t<div data-elementor-type=\"wp-page\" data-elementor-id=\"1179\" class=\"elementor elementor-1179 elementor-22\" data-elementor-post-type=\"page\">\n\t\t\t\t<div class=\"elementor-element elementor-element-c0234be e-con-full e-flex e-con e-parent\" data-id=\"c0234be\" data-element_type=\"container\" data-e-type=\"container\" data-settings=\"{&quot;background_background&quot;:&quot;classic&quot;}\">\n\t\t<div class=\"elementor-element elementor-element-cf65bf1 e-con-full e-flex e-con e-child\" data-id=\"cf65bf1\" data-element_type=\"container\" data-e-type=\"container\" data-settings=\"{&quot;background_motion_fx_motion_fx_scrolling&quot;:&quot;yes&quot;,&quot;background_motion_fx_opacity_effect&quot;:&quot;yes&quot;,&quot;background_motion_fx_opacity_direction&quot;:&quot;in-out&quot;,&quot;background_background&quot;:&quot;classic&quot;,&quot;background_motion_fx_opacity_level&quot;:{&quot;unit&quot;:&quot;px&quot;,&quot;size&quot;:10,&quot;sizes&quot;:[]},&quot;background_motion_fx_opacity_range&quot;:{&quot;unit&quot;:&quot;%&quot;,&quot;size&quot;:&quot;&quot;,&quot;sizes&quot;:{&quot;start&quot;:20,&quot;end&quot;:80}},&quot;background_motion_fx_devices&quot;:[&quot;desktop&quot;,&quot;tablet&quot;,&quot;mobile&quot;]}\">\n\t\t<div class=\"elementor-element elementor-element-6b5cac4 e-con-full e-flex e-con e-child\" data-id=\"6b5cac4\" data-element_type=\"container\" data-e-type=\"container\" data-settings=\"{&quot;motion_fx_motion_fx_scrolling&quot;:&quot;yes&quot;,&quot;motion_fx_scale_effect&quot;:&quot;yes&quot;,&quot;motion_fx_scale_speed&quot;:{&quot;unit&quot;:&quot;px&quot;,&quot;size&quot;:5,&quot;sizes&quot;:[]},&quot;motion_fx_scale_range&quot;:{&quot;unit&quot;:&quot;%&quot;,&quot;size&quot;:&quot;&quot;,&quot;sizes&quot;:{&quot;start&quot;:40,&quot;end&quot;:100}},&quot;motion_fx_scale_direction&quot;:&quot;out-in&quot;,&quot;motion_fx_devices&quot;:[&quot;desktop&quot;,&quot;tablet&quot;,&quot;mobile&quot;]}\">\n\t\t\t\t<div class=\"elementor-element elementor-element-2956031 elementor-widget elementor-widget-heading\" data-id=\"2956031\" data-element_type=\"widget\" data-e-type=\"widget\" data-widget_type=\"heading.default\">\n\t\t\t\t\t<h2 class=\"elementor-heading-title elementor-size-default\">Contact<\/h2>\t\t\t\t<\/div>\n\t\t\t\t<div class=\"elementor-element elementor-element-ab5214d elementor-view-default elementor-widget elementor-widget-icon\" data-id=\"ab5214d\" data-element_type=\"widget\" data-e-type=\"widget\" data-widget_type=\"icon.default\">\n\t\t\t\t\t\t\t<div class=\"elementor-icon-wrapper\">\n\t\t\t<div class=\"elementor-icon\">\n\t\t\t<svg xmlns=\"http:\/\/www.w3.org\/2000\/svg\" id=\"Calque_2\" data-name=\"Calque 2\" viewBox=\"0 0 226.6 18.7\"><defs><style>      .cls-1 {        fill: #fff;      }    <\/style><\/defs><g id=\"Layer_1\" data-name=\"Layer 1\"><path class=\"cls-1\" d=\"M226.6,18.7c-6.6,0-10.3-1.6-13.1-2.9-2.3-1-3.8-1.7-7.5-1.7s-5.2.7-7.5,1.7c-2.9,1.3-6.5,2.9-13.1,2.9s-10.3-1.6-13.1-2.9c-2.3-1-3.8-1.7-7.5-1.7s-5.2.7-7.5,1.7c-2.9,1.3-6.5,2.9-13.1,2.9s-10.3-1.6-13.1-2.9c-2.3-1-3.8-1.7-7.5-1.7s-5.2.7-7.5,1.7c-2.9,1.3-6.5,2.9-13.1,2.9s-10.3-1.6-13.1-2.9c-2.3-1-3.8-1.7-7.5-1.7s-5.2.7-7.5,1.7c-2.9,1.3-6.5,2.9-13.1,2.9s-10.3-1.6-13.1-2.9c-2.3-1-3.8-1.7-7.5-1.7s-5.2.7-7.5,1.7c-2.9,1.3-6.5,2.9-13.1,2.9s-10.3-1.6-13.1-2.9c-2.3-1-3.8-1.7-7.5-1.7V0c6.6,0,10.3,1.6,13.1,2.9,2.3,1,3.8,1.7,7.5,1.7s5.2-.7,7.5-1.7c2.9-1.3,6.5-2.9,13.1-2.9s10.3,1.6,13.1,2.9c2.3,1,3.8,1.7,7.5,1.7s5.2-.7,7.5-1.7c2.9-1.3,6.5-2.9,13.1-2.9s10.3,1.6,13.1,2.9c2.3,1,3.8,1.7,7.5,1.7s5.2-.7,7.5-1.7c2.9-1.3,6.5-2.9,13.1-2.9s10.3,1.6,13.1,2.9c2.3,1,3.8,1.7,7.5,1.7s5.2-.7,7.5-1.7c2.9-1.3,6.5-2.9,13.1-2.9s10.3,1.6,13.1,2.9c2.3,1,3.8,1.7,7.5,1.7s5.2-.7,7.5-1.7c2.9-1.3,6.5-2.9,13.1-2.9s10.3,1.6,13.1,2.9c2.3,1,3.8,1.7,7.5,1.7v14.1Z\"><\/path><\/g><\/svg>\t\t\t<\/div>\n\t\t<\/div>\n\t\t\t\t\t\t<\/div>\n\t\t\t\t<\/div>\n\t\t\t\t<\/div>\n\t\t\t\t<\/div>\n\t\t<div class=\"elementor-element elementor-element-bc84e5c e-flex e-con-boxed e-con e-parent\" data-id=\"bc84e5c\" data-element_type=\"container\" data-e-type=\"container\" data-settings=\"{&quot;background_background&quot;:&quot;classic&quot;}\">\n\t\t\t\t\t<div class=\"e-con-inner\">\n\t\t<div class=\"elementor-element elementor-element-18e0650 e-con-full e-flex elementor-invisible e-con e-child\" data-id=\"18e0650\" data-element_type=\"container\" data-e-type=\"container\" data-settings=\"{&quot;animation&quot;:&quot;fadeIn&quot;}\">\n\t\t\t\t<div class=\"elementor-element elementor-element-567fc96 elementor-widget elementor-widget-heading\" data-id=\"567fc96\" data-element_type=\"widget\" data-e-type=\"widget\" data-widget_type=\"heading.default\">\n\t\t\t\t\t<p class=\"elementor-heading-title elementor-size-default\">Vous avez une question concernant le projet du 1950 chemin Montr\u00e9al, vous souhaitez en savoir plus sur les opportunit\u00e9s \u00e0 venir ou simplement d\u00e9couvrir ce qui prend forme le long du fleuve? Nous serions ravis d\u2019\u00e9changer avec vous.<\/p>\t\t\t\t<\/div>\n\t\t\t\t<div class=\"elementor-element elementor-element-7dc048a elementor-widget elementor-widget-heading\" data-id=\"7dc048a\" data-element_type=\"widget\" data-e-type=\"widget\" data-widget_type=\"heading.default\">\n\t\t\t\t\t<p class=\"elementor-heading-title elementor-size-default\">Utilisez le formulaire pour joindre notre \u00e9quipe et rester connect\u00e9 \u00e0 l\u2019\u00e9volution de cette nouvelle communaut\u00e9 riveraine.<\/p>\t\t\t\t<\/div>\n\t\t<div class=\"elementor-element elementor-element-9bc3968 e-con-full e-flex e-con e-child\" data-id=\"9bc3968\" data-element_type=\"container\" data-e-type=\"container\" data-settings=\"{&quot;background_background&quot;:&quot;classic&quot;}\">\n\t\t<div class=\"elementor-element elementor-element-8d8a500 e-con-full e-flex e-con e-child\" data-id=\"8d8a500\" data-element_type=\"container\" data-e-type=\"container\">\n\t\t<div class=\"elementor-element elementor-element-bac8ea9 e-con-full e-flex e-con e-child\" data-id=\"bac8ea9\" data-element_type=\"container\" data-e-type=\"container\">\n\t\t\t\t<div class=\"elementor-element elementor-element-92d6162 elementor-view-default elementor-widget elementor-widget-icon\" data-id=\"92d6162\" data-element_type=\"widget\" data-e-type=\"widget\" data-widget_type=\"icon.default\">\n\t\t\t\t\t\t\t<div class=\"elementor-icon-wrapper\">\n\t\t\t<div class=\"elementor-icon\">\n\t\t\t<svg xmlns=\"http:\/\/www.w3.org\/2000\/svg\" id=\"Layer_1\" viewBox=\"0 0 172.1 190.1\"><defs><style>      .st0 {        fill: #e67025;      }    <\/style><\/defs><path class=\"st0\" d=\"M160.6,150.4h.7V0h-17.6v97.4l-27.2-65.7c-5.6,1.8-11,4.1-16.3,6.7l27.2,65.7L58.5,35.3l-12.4,12.4,68.9,68.9-65.7-27.2c-2.6,5.2-4.9,10.6-6.7,16.3l65.7,27.2H10.8v17.6h149.8Z\"><\/path><path class=\"st0\" d=\"M151.9,170.4c-3.6-1.6-8.1-3.6-16.4-3.6s-12.8,2-16.4,3.6c-2.9,1.3-4.7,2.1-9.3,2.1s-6.5-.8-9.3-2.1c-3.6-1.6-8.1-3.6-16.4-3.6s-12.8,2-16.4,3.6c-2.9,1.3-4.7,2.1-9.3,2.1s-6.5-.8-9.3-2.1c-3.6-1.6-8.1-3.6-16.4-3.6s-12.8,2-16.4,3.6c-1.8.8-3.3,1.4-5.3,1.8v17.7c5.8-.5,9.4-2.1,12.4-3.4,2.9-1.3,4.7-2.1,9.3-2.1s6.5.8,9.3,2.1c3.6,1.6,8.1,3.6,16.4,3.6s12.8-2,16.4-3.6c2.8-1.3,4.7-2.1,9.3-2.1s6.5.8,9.3,2.1c3.6,1.6,8.1,3.6,16.4,3.6s12.8-2,16.4-3.6c2.9-1.3,4.7-2.1,9.3-2.1s6.5.8,9.3,2.1c3.6,1.6,8.1,3.6,16.4,3.6v-17.6c-4.6,0-6.5-.8-9.3-2.1h0Z\"><\/path><\/svg>\t\t\t<\/div>\n\t\t<\/div>\n\t\t\t\t\t\t<\/div>\n\t\t\t\t<div class=\"elementor-element elementor-element-926cfc6 area elementor-widget elementor-widget-heading\" data-id=\"926cfc6\" data-element_type=\"widget\" data-e-type=\"widget\" data-widget_type=\"heading.default\">\n\t\t\t\t\t<p class=\"elementor-heading-title elementor-size-default\">Adresse du site<\/p>\t\t\t\t<\/div>\n\t\t\t\t<\/div>\n\t\t\t\t<div class=\"elementor-element elementor-element-3df2058 elementor-widget elementor-widget-heading\" data-id=\"3df2058\" data-element_type=\"widget\" data-e-type=\"widget\" data-widget_type=\"heading.default\">\n\t\t\t\t\t<p class=\"elementor-heading-title elementor-size-default\">1950 Montreal Road, Cornwall, Ontario<\/p>\t\t\t\t<\/div>\n\t\t\t\t<\/div>\n\t\t<div class=\"elementor-element elementor-element-22794e3 e-con-full e-flex e-con e-child\" data-id=\"22794e3\" data-element_type=\"container\" data-e-type=\"container\">\n\t\t<div class=\"elementor-element elementor-element-1ca9c98 e-con-full e-flex e-con e-child\" data-id=\"1ca9c98\" data-element_type=\"container\" data-e-type=\"container\">\n\t\t\t\t<div class=\"elementor-element elementor-element-bb7a388 elementor-view-default elementor-widget elementor-widget-icon\" data-id=\"bb7a388\" data-element_type=\"widget\" data-e-type=\"widget\" data-widget_type=\"icon.default\">\n\t\t\t\t\t\t\t<div class=\"elementor-icon-wrapper\">\n\t\t\t<div class=\"elementor-icon\">\n\t\t\t<svg xmlns=\"http:\/\/www.w3.org\/2000\/svg\" id=\"Layer_1\" viewBox=\"0 0 172.1 190.1\"><defs><style>      .st0 {        fill: #e67025;      }    <\/style><\/defs><path class=\"st0\" d=\"M160.6,150.4h.7V0h-17.6v97.4l-27.2-65.7c-5.6,1.8-11,4.1-16.3,6.7l27.2,65.7L58.5,35.3l-12.4,12.4,68.9,68.9-65.7-27.2c-2.6,5.2-4.9,10.6-6.7,16.3l65.7,27.2H10.8v17.6h149.8Z\"><\/path><path class=\"st0\" d=\"M151.9,170.4c-3.6-1.6-8.1-3.6-16.4-3.6s-12.8,2-16.4,3.6c-2.9,1.3-4.7,2.1-9.3,2.1s-6.5-.8-9.3-2.1c-3.6-1.6-8.1-3.6-16.4-3.6s-12.8,2-16.4,3.6c-2.9,1.3-4.7,2.1-9.3,2.1s-6.5-.8-9.3-2.1c-3.6-1.6-8.1-3.6-16.4-3.6s-12.8,2-16.4,3.6c-1.8.8-3.3,1.4-5.3,1.8v17.7c5.8-.5,9.4-2.1,12.4-3.4,2.9-1.3,4.7-2.1,9.3-2.1s6.5.8,9.3,2.1c3.6,1.6,8.1,3.6,16.4,3.6s12.8-2,16.4-3.6c2.8-1.3,4.7-2.1,9.3-2.1s6.5.8,9.3,2.1c3.6,1.6,8.1,3.6,16.4,3.6s12.8-2,16.4-3.6c2.9-1.3,4.7-2.1,9.3-2.1s6.5.8,9.3,2.1c3.6,1.6,8.1,3.6,16.4,3.6v-17.6c-4.6,0-6.5-.8-9.3-2.1h0Z\"><\/path><\/svg>\t\t\t<\/div>\n\t\t<\/div>\n\t\t\t\t\t\t<\/div>\n\t\t\t\t<div class=\"elementor-element elementor-element-e53acc7 area elementor-widget elementor-widget-heading\" data-id=\"e53acc7\" data-element_type=\"widget\" data-e-type=\"widget\" data-widget_type=\"heading.default\">\n\t\t\t\t\t<p class=\"elementor-heading-title elementor-size-default\">Courriel<\/p>\t\t\t\t<\/div>\n\t\t\t\t<\/div>\n\t\t\t\t<div class=\"elementor-element elementor-element-59a2eda elementor-widget elementor-widget-heading\" data-id=\"59a2eda\" data-element_type=\"widget\" data-e-type=\"widget\" data-widget_type=\"heading.default\">\n\t\t\t\t\t<p class=\"elementor-heading-title elementor-size-default\"><span \n                data-original-string='b7Wqc\/JGM94nTEUM0KIkkA==efdzW37tA+3nK7kdIhFUjrB5bgwTiKEBpxyDxvN+vf2Eyc='\n                class='apbct-email-encoder'\n                title='This contact has been encoded by Anti-Spam by CleanTalk. Click to decode. To finish the decoding make sure that JavaScript is enabled in your browser.'>19<span class=\"apbct-blur\">**********<\/span>@<span class=\"apbct-blur\">*****<\/span>re.ca<\/span><\/p>\t\t\t\t<\/div>\n\t\t\t\t<\/div>\n\t\t<div class=\"elementor-element elementor-element-2c59666 e-con-full e-flex e-con e-child\" data-id=\"2c59666\" data-element_type=\"container\" data-e-type=\"container\">\n\t\t<div class=\"elementor-element elementor-element-c7736a2 e-con-full e-flex e-con e-child\" data-id=\"c7736a2\" data-element_type=\"container\" data-e-type=\"container\">\n\t\t\t\t<div class=\"elementor-element elementor-element-d60da4a elementor-view-default elementor-widget elementor-widget-icon\" data-id=\"d60da4a\" data-element_type=\"widget\" data-e-type=\"widget\" data-widget_type=\"icon.default\">\n\t\t\t\t\t\t\t<div class=\"elementor-icon-wrapper\">\n\t\t\t<div class=\"elementor-icon\">\n\t\t\t<svg xmlns=\"http:\/\/www.w3.org\/2000\/svg\" id=\"Layer_1\" viewBox=\"0 0 172.1 190.1\"><defs><style>      .st0 {        fill: #e67025;      }    <\/style><\/defs><path class=\"st0\" d=\"M160.6,150.4h.7V0h-17.6v97.4l-27.2-65.7c-5.6,1.8-11,4.1-16.3,6.7l27.2,65.7L58.5,35.3l-12.4,12.4,68.9,68.9-65.7-27.2c-2.6,5.2-4.9,10.6-6.7,16.3l65.7,27.2H10.8v17.6h149.8Z\"><\/path><path class=\"st0\" d=\"M151.9,170.4c-3.6-1.6-8.1-3.6-16.4-3.6s-12.8,2-16.4,3.6c-2.9,1.3-4.7,2.1-9.3,2.1s-6.5-.8-9.3-2.1c-3.6-1.6-8.1-3.6-16.4-3.6s-12.8,2-16.4,3.6c-2.9,1.3-4.7,2.1-9.3,2.1s-6.5-.8-9.3-2.1c-3.6-1.6-8.1-3.6-16.4-3.6s-12.8,2-16.4,3.6c-1.8.8-3.3,1.4-5.3,1.8v17.7c5.8-.5,9.4-2.1,12.4-3.4,2.9-1.3,4.7-2.1,9.3-2.1s6.5.8,9.3,2.1c3.6,1.6,8.1,3.6,16.4,3.6s12.8-2,16.4-3.6c2.8-1.3,4.7-2.1,9.3-2.1s6.5.8,9.3,2.1c3.6,1.6,8.1,3.6,16.4,3.6s12.8-2,16.4-3.6c2.9-1.3,4.7-2.1,9.3-2.1s6.5.8,9.3,2.1c3.6,1.6,8.1,3.6,16.4,3.6v-17.6c-4.6,0-6.5-.8-9.3-2.1h0Z\"><\/path><\/svg>\t\t\t<\/div>\n\t\t<\/div>\n\t\t\t\t\t\t<\/div>\n\t\t\t\t<div class=\"elementor-element elementor-element-ed31e1b area elementor-widget elementor-widget-heading\" data-id=\"ed31e1b\" data-element_type=\"widget\" data-e-type=\"widget\" data-widget_type=\"heading.default\">\n\t\t\t\t\t<p class=\"elementor-heading-title elementor-size-default\">T\u00e9l\u00e9phone<\/p>\t\t\t\t<\/div>\n\t\t\t\t<\/div>\n\t\t\t\t<div class=\"elementor-element elementor-element-1c8ca7e elementor-widget elementor-widget-heading\" data-id=\"1c8ca7e\" data-element_type=\"widget\" data-e-type=\"widget\" data-widget_type=\"heading.default\">\n\t\t\t\t\t<p class=\"elementor-heading-title elementor-size-default\">819-663-7777<\/p>\t\t\t\t<\/div>\n\t\t\t\t<\/div>\n\t\t<div class=\"elementor-element elementor-element-1db1641 e-con-full e-flex e-con e-child\" data-id=\"1db1641\" data-element_type=\"container\" data-e-type=\"container\">\n\t\t<div class=\"elementor-element elementor-element-e6bc542 e-con-full e-flex e-con e-child\" data-id=\"e6bc542\" data-element_type=\"container\" data-e-type=\"container\">\n\t\t\t\t<div class=\"elementor-element elementor-element-34606f5 elementor-view-default elementor-widget elementor-widget-icon\" data-id=\"34606f5\" data-element_type=\"widget\" data-e-type=\"widget\" data-widget_type=\"icon.default\">\n\t\t\t\t\t\t\t<div class=\"elementor-icon-wrapper\">\n\t\t\t<div class=\"elementor-icon\">\n\t\t\t<svg xmlns=\"http:\/\/www.w3.org\/2000\/svg\" id=\"Layer_1\" viewBox=\"0 0 172.1 190.1\"><defs><style>      .st0 {        fill: #e67025;      }    <\/style><\/defs><path class=\"st0\" d=\"M160.6,150.4h.7V0h-17.6v97.4l-27.2-65.7c-5.6,1.8-11,4.1-16.3,6.7l27.2,65.7L58.5,35.3l-12.4,12.4,68.9,68.9-65.7-27.2c-2.6,5.2-4.9,10.6-6.7,16.3l65.7,27.2H10.8v17.6h149.8Z\"><\/path><path class=\"st0\" d=\"M151.9,170.4c-3.6-1.6-8.1-3.6-16.4-3.6s-12.8,2-16.4,3.6c-2.9,1.3-4.7,2.1-9.3,2.1s-6.5-.8-9.3-2.1c-3.6-1.6-8.1-3.6-16.4-3.6s-12.8,2-16.4,3.6c-2.9,1.3-4.7,2.1-9.3,2.1s-6.5-.8-9.3-2.1c-3.6-1.6-8.1-3.6-16.4-3.6s-12.8,2-16.4,3.6c-1.8.8-3.3,1.4-5.3,1.8v17.7c5.8-.5,9.4-2.1,12.4-3.4,2.9-1.3,4.7-2.1,9.3-2.1s6.5.8,9.3,2.1c3.6,1.6,8.1,3.6,16.4,3.6s12.8-2,16.4-3.6c2.8-1.3,4.7-2.1,9.3-2.1s6.5.8,9.3,2.1c3.6,1.6,8.1,3.6,16.4,3.6s12.8-2,16.4-3.6c2.9-1.3,4.7-2.1,9.3-2.1s6.5.8,9.3,2.1c3.6,1.6,8.1,3.6,16.4,3.6v-17.6c-4.6,0-6.5-.8-9.3-2.1h0Z\"><\/path><\/svg>\t\t\t<\/div>\n\t\t<\/div>\n\t\t\t\t\t\t<\/div>\n\t\t\t\t<div class=\"elementor-element elementor-element-5d3f96e area elementor-widget elementor-widget-heading\" data-id=\"5d3f96e\" data-element_type=\"widget\" data-e-type=\"widget\" data-widget_type=\"heading.default\">\n\t\t\t\t\t<p class=\"elementor-heading-title elementor-size-default\">Heures d\u2019ouverture<\/p>\t\t\t\t<\/div>\n\t\t\t\t<\/div>\n\t\t\t\t<div class=\"elementor-element elementor-element-a3c5bd1 elementor-widget elementor-widget-heading\" data-id=\"a3c5bd1\" data-element_type=\"widget\" data-e-type=\"widget\" data-widget_type=\"heading.default\">\n\t\t\t\t\t<p class=\"elementor-heading-title elementor-size-default\">Du lundi au vendredi, de 8\u00a0h \u00e0 17\u00a0h<\/p>\t\t\t\t<\/div>\n\t\t\t\t<\/div>\n\t\t\t\t<\/div>\n\t\t\t\t<\/div>\n\t\t<div class=\"elementor-element elementor-element-5bae430 e-con-full e-flex elementor-invisible e-con e-child\" data-id=\"5bae430\" data-element_type=\"container\" data-e-type=\"container\" data-settings=\"{&quot;background_background&quot;:&quot;classic&quot;,&quot;animation&quot;:&quot;fadeIn&quot;}\">\n\t\t\t\t<div class=\"elementor-element elementor-element-5ab0d4f area elementor-widget elementor-widget-heading\" data-id=\"5ab0d4f\" data-element_type=\"widget\" data-e-type=\"widget\" data-widget_type=\"heading.default\">\n\t\t\t\t\t<h3 class=\"elementor-heading-title elementor-size-default\">Formulaire de contact<\/h3>\t\t\t\t<\/div>\n\t\t\t\t<div class=\"elementor-element elementor-element-3d3e0e7 elementor-button-align-start elementor-widget elementor-widget-form\" data-id=\"3d3e0e7\" data-element_type=\"widget\" data-e-type=\"widget\" data-settings=\"{&quot;step_next_label&quot;:&quot;Suivant&quot;,&quot;step_previous_label&quot;:&quot;Pr\\u00e9c\\u00e9dent&quot;,&quot;button_width&quot;:&quot;100&quot;,&quot;step_type&quot;:&quot;number_text&quot;,&quot;step_icon_shape&quot;:&quot;circle&quot;}\" data-widget_type=\"form.default\">\n\t\t\t\t\t\t\t<form class=\"elementor-form\" method=\"post\" name=\"1950_contact\" aria-label=\"1950_contact\">\n\t\t\t<input type=\"hidden\" name=\"post_id\" value=\"1179\"\/>\n\t\t\t<input type=\"hidden\" name=\"form_id\" value=\"3d3e0e7\"\/>\n\t\t\t<input type=\"hidden\" name=\"referer_title\" value=\"\" \/>\n\n\t\t\t\n\t\t\t<div class=\"elementor-form-fields-wrapper elementor-labels-above\">\n\t\t\t\t\t\t\t\t<div class=\"elementor-field-type-text elementor-field-group elementor-column elementor-field-group-field_09bb470 elementor-col-50 elementor-field-required\">\n\t\t\t\t\t\t\t\t\t\t\t\t<label for=\"form-field-field_09bb470\" class=\"elementor-field-label\">\n\t\t\t\t\t\t\t\tPr\u00e9nom\t\t\t\t\t\t\t<\/label>\n\t\t\t\t\t\t\t\t\t\t\t\t\t\t<input size=\"1\" type=\"text\" name=\"form_fields[field_09bb470]\" id=\"form-field-field_09bb470\" class=\"elementor-field elementor-size-sm  elementor-field-textual\" placeholder=\"Pr\u00e9nom\" required=\"required\">\n\t\t\t\t\t\t\t\t\t\t\t<\/div>\n\t\t\t\t\t\t\t\t<div class=\"elementor-field-type-text elementor-field-group elementor-column elementor-field-group-lname elementor-col-50 elementor-field-required\">\n\t\t\t\t\t\t\t\t\t\t\t\t<label for=\"form-field-lname\" class=\"elementor-field-label\">\n\t\t\t\t\t\t\t\tNom\t\t\t\t\t\t\t<\/label>\n\t\t\t\t\t\t\t\t\t\t\t\t\t\t<input size=\"1\" type=\"text\" name=\"form_fields[lname]\" id=\"form-field-lname\" class=\"elementor-field elementor-size-sm  elementor-field-textual\" placeholder=\"Nom\" required=\"required\">\n\t\t\t\t\t\t\t\t\t\t\t<\/div>\n\t\t\t\t\t\t\t\t<div class=\"elementor-field-type-email elementor-field-group elementor-column elementor-field-group-email elementor-col-50 elementor-field-required\">\n\t\t\t\t\t\t\t\t\t\t\t\t<label for=\"form-field-email\" class=\"elementor-field-label\">\n\t\t\t\t\t\t\t\tAdresse courriel\t\t\t\t\t\t\t<\/label>\n\t\t\t\t\t\t\t\t\t\t\t\t\t\t<input size=\"1\" type=\"email\" name=\"form_fields[email]\" id=\"form-field-email\" class=\"elementor-field elementor-size-sm  elementor-field-textual\" placeholder=\"Adresse courriel\" required=\"required\">\n\t\t\t\t\t\t\t\t\t\t\t<\/div>\n\t\t\t\t\t\t\t\t<div class=\"elementor-field-type-tel elementor-field-group elementor-column elementor-field-group-phone elementor-col-50 elementor-field-required\">\n\t\t\t\t\t\t\t\t\t\t\t\t<label for=\"form-field-phone\" class=\"elementor-field-label\">\n\t\t\t\t\t\t\t\tNum\u00e9ro de t\u00e9l\u00e9phone\t\t\t\t\t\t\t<\/label>\n\t\t\t\t\t\t\t\t<input size=\"1\" type=\"tel\" name=\"form_fields[phone]\" id=\"form-field-phone\" class=\"elementor-field elementor-size-sm  elementor-field-textual\" placeholder=\"Num\u00e9ro de t\u00e9l\u00e9phone\" required=\"required\" pattern=\"[0-9()#&amp;+*-=.]+\" title=\"Seuls les caract\u00e8res de num\u00e9ros de t\u00e9l\u00e9phone (#, -, *, etc.) sont accept\u00e9s.\">\n\n\t\t\t\t\t\t<\/div>\n\t\t\t\t\t\t\t\t<div class=\"elementor-field-type-textarea elementor-field-group elementor-column elementor-field-group-field_f4f4108 elementor-col-100 elementor-field-required\">\n\t\t\t\t\t\t\t\t\t\t\t\t<label for=\"form-field-field_f4f4108\" class=\"elementor-field-label\">\n\t\t\t\t\t\t\t\tMessage\t\t\t\t\t\t\t<\/label>\n\t\t\t\t\t\t<textarea class=\"elementor-field-textual elementor-field  elementor-size-sm\" name=\"form_fields[field_f4f4108]\" id=\"form-field-field_f4f4108\" rows=\"4\" placeholder=\"\u00c9crivez votre message ici\" required=\"required\"><\/textarea>\t\t\t\t<\/div>\n\t\t\t\t\t\t\t\t<div class=\"elementor-field-type-recaptcha elementor-field-group elementor-column elementor-field-group-field_5e974aa elementor-col-100\">\n\t\t\t\t\t<div class=\"elementor-field\" id=\"form-field-field_5e974aa\"><div class=\"elementor-g-recaptcha\" data-sitekey=\"6LeJgK8sAAAAAGdzoct2W_N-GgFXtbF_ciYdYgnQ\" data-type=\"v2_checkbox\" data-theme=\"light\" data-size=\"normal\"><\/div><\/div>\t\t\t\t<\/div>\n\t\t\t\t\t\t\t\t<div class=\"elementor-field-group elementor-column elementor-field-type-submit elementor-col-100 e-form__buttons\">\n\t\t\t\t\t<button class=\"elementor-button elementor-size-sm\" type=\"submit\">\n\t\t\t\t\t\t<span class=\"elementor-button-content-wrapper\">\n\t\t\t\t\t\t\t\t\t\t\t\t\t\t\t\t\t\t\t\t\t\t<span class=\"elementor-button-text\">Envoyer le message<\/span>\n\t\t\t\t\t\t\t\t\t\t\t\t\t<\/span>\n\t\t\t\t\t<\/button>\n\t\t\t\t<\/div>\n\t\t\t<\/div>\n\t\t<input\n                    class=\"apbct_special_field apbct_email_id__elementor_form\"\n                    name=\"apbct__email_id__elementor_form\"\n                    aria-label=\"apbct__label_id__elementor_form\"\n                    type=\"text\" size=\"30\" maxlength=\"200\" autocomplete=\"off\"\n                    value=\"\"\n                \/><\/form>\n\t\t\t\t\t\t<\/div>\n\t\t\t\t<\/div>\n\t\t\t\t\t<\/div>\n\t\t\t\t<\/div>\n\t\t<div class=\"elementor-element elementor-element-9fdf10b e-con-full e-flex e-con e-parent\" data-id=\"9fdf10b\" data-element_type=\"container\" data-e-type=\"container\" data-settings=\"{&quot;background_background&quot;:&quot;classic&quot;}\">\n\t\t\t\t<div class=\"elementor-element elementor-element-e0987b1 elementor-widget__width-inherit elementor-widget elementor-widget-template\" data-id=\"e0987b1\" data-element_type=\"widget\" data-e-type=\"widget\" data-widget_type=\"template.default\">\n\t\t\t\t<div class=\"elementor-widget-container\">\n\t\t\t\t\t\t\t<div class=\"elementor-template\">\n\t\t\t\t\t<div data-elementor-type=\"container\" data-elementor-id=\"1402\" class=\"elementor elementor-1402 elementor-1386 elementor-1386\" data-elementor-post-type=\"elementor_library\">\n\t\t\t\t<div class=\"elementor-element elementor-element-30ebff1d e-con-full e-flex e-con e-parent\" data-id=\"30ebff1d\" data-element_type=\"container\" data-e-type=\"container\" data-settings=\"{&quot;background_background&quot;:&quot;classic&quot;}\">\n\t\t<div class=\"elementor-element elementor-element-2cbe4333 e-con-full e-flex e-con e-child\" data-id=\"2cbe4333\" data-element_type=\"container\" data-e-type=\"container\">\n\t\t\t\t<div class=\"elementor-element elementor-element-5690f009 elementor-widget elementor-widget-heading\" data-id=\"5690f009\" data-element_type=\"widget\" data-e-type=\"widget\" data-widget_type=\"heading.default\">\n\t\t\t\t\t<h3 class=\"elementor-heading-title elementor-size-default\">Carte interactive du site<\/h3>\t\t\t\t<\/div>\n\t\t\t\t<div class=\"elementor-element elementor-element-67cf646a elementor-invisible elementor-widget elementor-widget-google_maps\" data-id=\"67cf646a\" data-element_type=\"widget\" data-e-type=\"widget\" data-settings=\"{&quot;_animation&quot;:&quot;fadeIn&quot;}\" data-widget_type=\"google_maps.default\">\n\t\t\t\t\t\t\t<div class=\"elementor-custom-embed\">\n\t\t\t<iframe loading=\"lazy\"\n\t\t\t\t\tsrc=\"https:\/\/maps.google.com\/maps?q=45.029236%2C%20-74.681297&#038;t=m&#038;z=12&#038;output=embed&#038;iwloc=near\"\n\t\t\t\t\ttitle=\"45.029236, -74.681297\"\n\t\t\t\t\taria-label=\"45.029236, -74.681297\"\n\t\t\t><\/iframe>\n\t\t<\/div>\n\t\t\t\t\t\t<\/div>\n\t\t\t\t<\/div>\n\t\t\t\t<\/div>\n\t\t\t\t<\/div>\n\t\t\t\t<\/div>\n\t\t\t\t\t\t<\/div>\n\t\t\t\t<\/div>\n\t\t\t\t<\/div>\n\t\t\t\t<\/div>\n\t\t","protected":false},"excerpt":{"rendered":"<p>Contact Vous avez une question concernant le projet du 1950 chemin Montr\u00e9al, vous souhaitez en savoir plus sur les opportunit\u00e9s \u00e0 venir ou simplement d\u00e9couvrir ce qui prend forme le long du fleuve? Nous serions ravis d\u2019\u00e9changer avec vous. Utilisez le formulaire pour joindre notre \u00e9quipe et rester connect\u00e9 \u00e0 l\u2019\u00e9volution de cette nouvelle communaut\u00e9 [&hellip;]<\/p>\n","protected":false},"author":1,"featured_media":0,"parent":0,"menu_order":4,"comment_status":"closed","ping_status":"closed","template":"","meta":{"_seopress_robots_primary_cat":"","_seopress_titles_title":"Contact | 1950 chemin Montr\u00e9al Road \u2013 Cornwall, Ontario","_seopress_titles_desc":"Rejoignez l'\u00e9quipe du projet 1950 chemin Montr\u00e9al Road. Abonnez-vous \u00e0 l'infolettre, posez vos questions ou obtenez plus d'informations sur ce grand projet riverain \u00e0 Cornwall, Ontario.","_seopress_robots_index":"","footnotes":""},"class_list":["post-1179","page","type-page","status-publish","hentry"],"_links":{"self":[{"href":"https:\/\/1950cornwall.ca\/fr\/wp-json\/wp\/v2\/pages\/1179","targetHints":{"allow":["GET"]}}],"collection":[{"href":"https:\/\/1950cornwall.ca\/fr\/wp-json\/wp\/v2\/pages"}],"about":[{"href":"https:\/\/1950cornwall.ca\/fr\/wp-json\/wp\/v2\/types\/page"}],"author":[{"embeddable":true,"href":"https:\/\/1950cornwall.ca\/fr\/wp-json\/wp\/v2\/users\/1"}],"replies":[{"embeddable":true,"href":"https:\/\/1950cornwall.ca\/fr\/wp-json\/wp\/v2\/comments?post=1179"}],"version-history":[{"count":4,"href":"https:\/\/1950cornwall.ca\/fr\/wp-json\/wp\/v2\/pages\/1179\/revisions"}],"predecessor-version":[{"id":1606,"href":"https:\/\/1950cornwall.ca\/fr\/wp-json\/wp\/v2\/pages\/1179\/revisions\/1606"}],"wp:attachment":[{"href":"https:\/\/1950cornwall.ca\/fr\/wp-json\/wp\/v2\/media?parent=1179"}],"curies":[{"name":"wp","href":"https:\/\/api.w.org\/{rel}","templated":true}]}}